{"id":221,"date":"2023-11-10T22:21:22","date_gmt":"2023-11-10T21:21:22","guid":{"rendered":"https:\/\/thegeosentinel.com\/?page_id=221"},"modified":"2026-03-08T10:03:49","modified_gmt":"2026-03-08T09:03:49","slug":"a-propos","status":"publish","type":"page","link":"https:\/\/thegeosentinel.com\/en\/a-propos\/","title":{"rendered":"About"},"content":{"rendered":"<div class=\"et_pb_section_0 et_pb_section et_section_specialty et_pb_gutters3 et_block_section\"><div class=\"et_pb_row et_block_row\">\n<div class=\"et_pb_column_0 et_pb_column et_pb_column_single et_pb_column_1_2 et_block_column et_pb_css_mix_blend_mode_passthrough\">\n<div class=\"et_pb_image_0 et_pb_image et_pb_module et_block_module\"><span class=\"et_pb_image_wrap\"><img decoding=\"async\" data-src=\"https:\/\/thegeosentinel.com\/wp-content\/uploads\/2026\/03\/Geosentinel-About.png\" title=\"Geosentinel About\" width=\"1024\" height=\"1536\" data-srcset=\"https:\/\/thegeosentinel.com\/wp-content\/uploads\/2026\/03\/Geosentinel-About.png 1024w, https:\/\/thegeosentinel.com\/wp-content\/uploads\/2026\/03\/Geosentinel-About-200x300.png 200w, https:\/\/thegeosentinel.com\/wp-content\/uploads\/2026\/03\/Geosentinel-About-683x1024.png 683w, https:\/\/thegeosentinel.com\/wp-content\/uploads\/2026\/03\/Geosentinel-About-768x1152.png 768w, https:\/\/thegeosentinel.com\/wp-content\/uploads\/2026\/03\/Geosentinel-About-8x12.png 8w\" data-sizes=\"(max-width: 1024px) 100vw, 1024px\" class=\"wp-image-398625 lazyload\" src=\"data:image\/svg+xml;base64,PHN2ZyB3aWR0aD0iMSIgaGVpZ2h0PSIxIiB4bWxucz0iaHR0cDovL3d3dy53My5vcmcvMjAwMC9zdmciPjwvc3ZnPg==\" style=\"--smush-placeholder-width: 1024px; --smush-placeholder-aspect-ratio: 1024\/1536;\" \/><\/span><\/div>\n<\/div>\n\n<div class=\"et_pb_column_1 et_pb_column et_pb_specialty_column et_pb_column_1_2 et-last-child et_block_column et_pb_css_mix_blend_mode_passthrough\">\n<div class=\"et_pb_row_inner_0 et_pb_row_inner et_block_row\">\n<div class=\"et_pb_column_inner_0 et_pb_column_inner et_pb_column et_pb_column_4_4 et-last-child et_block_column et_pb_css_mix_blend_mode_passthrough\">\n<div class=\"et_pb_text_0 et_pb_text et_pb_bg_layout_light et_pb_module et_block_module preset--module--divi-text--85a15e68-d9a4-42bf-b909-9e1758481d92\"><div class=\"et_pb_text_inner\"><h2 style=\"text-align: left;\">GEOSENTINEL<\/h2>\n<\/div><\/div>\n\n<div class=\"et_pb_text_1 et_pb_text et_pb_bg_layout_light et_pb_module et_block_module\"><div class=\"et_pb_text_inner\"><p data-start=\"315\" data-end=\"635\" style=\"text-align: left;\">Entrepreneur and independent consultant, I specialize in privacy protection, digital sovereignty, and OSINT. My work is grounded in a philosophy of informational autonomy, mastery of digital tools, and a deep understanding of surveillance and control mechanisms in the digital age.<\/p>\n<p data-start=\"637\" data-end=\"941\" style=\"text-align: left;\">My approach is based on a rigorous methodology combined with clear and transparent pedagogy. This ability to enable anyone to drastically improve their privacy protection and anonymity lies at the core of my work.<\/p>\n<p data-start=\"1835\" data-end=\"2198\" style=\"text-align: left;\">Today, I lead the Sentinels community, focused on the continuous learning of skills related to privacy protection, OSINT, and digital sovereignty.<\/p>\n<p data-start=\"1835\" data-end=\"2198\" style=\"text-align: left;\">Through my content, courses, videos, and especially The Sentinels community, I help individuals understand, master, and secure their digital environment through a pragmatic, independent, and long-term approach.<\/p>\n<\/div><\/div>\n<\/div>\n<\/div>\n<\/div>\n<\/div><\/div>","protected":false},"excerpt":{"rendered":"","protected":false},"author":1,"featured_media":0,"parent":0,"menu_order":0,"comment_status":"closed","ping_status":"closed","template":"","meta":{"footnotes":""},"class_list":["post-221","page","type-page","status-publish","hentry"],"yoast_head":"<!-- This site is optimized with the Yoast SEO plugin v27.4 - https:\/\/yoast.com\/product\/yoast-seo-wordpress\/ -->\n<title>\u00c0 propos | GeoSentinel<\/title>\n<meta name=\"description\" content=\"Analyste g\u00e9opolitique, conf\u00e9rencier et entrepreneur, sp\u00e9cialiste des dynamiques g\u00e9opolitiques eurasiennes.\" \/>\n<meta name=\"robots\" content=\"index, follow, max-snippet:-1, max-image-preview:large, max-video-preview:-1\" \/>\n<link rel=\"canonical\" href=\"https:\/\/thegeosentinel.com\/en\/a-propos\/\" \/>\n<meta property=\"og:locale\" content=\"en_GB\" \/>\n<meta property=\"og:type\" content=\"article\" \/>\n<meta property=\"og:title\" content=\"\u00c0 propos | GeoSentinel\" \/>\n<meta property=\"og:description\" content=\"Analyste g\u00e9opolitique, conf\u00e9rencier et entrepreneur, sp\u00e9cialiste des dynamiques g\u00e9opolitiques eurasiennes.\" \/>\n<meta property=\"og:url\" content=\"https:\/\/thegeosentinel.com\/en\/a-propos\/\" \/>\n<meta property=\"og:site_name\" content=\"GeoSentinel\" \/>\n<meta property=\"article:modified_time\" content=\"2026-03-08T09:03:49+00:00\" \/>\n<meta property=\"og:image\" content=\"https:\/\/thegeosentinel.com\/wp-content\/uploads\/2025\/10\/The-GeoSentinel-Blog-1024x683.png\" \/>\n\t<meta property=\"og:image:width\" content=\"1024\" \/>\n\t<meta property=\"og:image:height\" content=\"683\" \/>\n\t<meta property=\"og:image:type\" content=\"image\/png\" \/>\n<meta name=\"twitter:card\" content=\"summary_large_image\" \/>\n<meta name=\"twitter:label1\" content=\"Estimated reading time\" \/>\n\t<meta name=\"twitter:data1\" content=\"2 minutes\" \/>\n<script type=\"application\/ld+json\" class=\"yoast-schema-graph\">{\"@context\":\"https:\\\/\\\/schema.org\",\"@graph\":[{\"@type\":\"WebPage\",\"@id\":\"https:\\\/\\\/thegeosentinel.com\\\/a-propos\\\/\",\"url\":\"https:\\\/\\\/thegeosentinel.com\\\/a-propos\\\/\",\"name\":\"\u00c0 propos | GeoSentinel\",\"isPartOf\":{\"@id\":\"https:\\\/\\\/thegeosentinel.com\\\/#website\"},\"datePublished\":\"2023-11-10T21:21:22+00:00\",\"dateModified\":\"2026-03-08T09:03:49+00:00\",\"description\":\"Analyste g\u00e9opolitique, conf\u00e9rencier et entrepreneur, sp\u00e9cialiste des dynamiques g\u00e9opolitiques eurasiennes.\",\"breadcrumb\":{\"@id\":\"https:\\\/\\\/thegeosentinel.com\\\/a-propos\\\/#breadcrumb\"},\"inLanguage\":\"en-GB\",\"potentialAction\":[{\"@type\":\"ReadAction\",\"target\":[\"https:\\\/\\\/thegeosentinel.com\\\/a-propos\\\/\"]}]},{\"@type\":\"BreadcrumbList\",\"@id\":\"https:\\\/\\\/thegeosentinel.com\\\/a-propos\\\/#breadcrumb\",\"itemListElement\":[{\"@type\":\"ListItem\",\"position\":1,\"name\":\"Accueil\",\"item\":\"https:\\\/\\\/thegeosentinel.com\\\/\"},{\"@type\":\"ListItem\",\"position\":2,\"name\":\"\u00c0 propos\"}]},{\"@type\":\"WebSite\",\"@id\":\"https:\\\/\\\/thegeosentinel.com\\\/#website\",\"url\":\"https:\\\/\\\/thegeosentinel.com\\\/\",\"name\":\"GeoSentinel\",\"description\":\"Analyste g\u00e9opolitique et entrepreneur, sp\u00e9cialiste de l&#039;OSINT.\",\"publisher\":{\"@id\":\"https:\\\/\\\/thegeosentinel.com\\\/#\\\/schema\\\/person\\\/e24ad6c95955e163a0502f01263153a9\"},\"alternateName\":\"GSTNL\",\"potentialAction\":[{\"@type\":\"SearchAction\",\"target\":{\"@type\":\"EntryPoint\",\"urlTemplate\":\"https:\\\/\\\/thegeosentinel.com\\\/?s={search_term_string}\"},\"query-input\":{\"@type\":\"PropertyValueSpecification\",\"valueRequired\":true,\"valueName\":\"search_term_string\"}}],\"inLanguage\":\"en-GB\"},{\"@type\":[\"Person\",\"Organization\"],\"@id\":\"https:\\\/\\\/thegeosentinel.com\\\/#\\\/schema\\\/person\\\/e24ad6c95955e163a0502f01263153a9\",\"name\":\"GeoSentinel\",\"image\":{\"@type\":\"ImageObject\",\"inLanguage\":\"en-GB\",\"@id\":\"https:\\\/\\\/thegeosentinel.com\\\/wp-content\\\/uploads\\\/2025\\\/10\\\/cropped-The-GeoSentinel-Icon.png\",\"url\":\"https:\\\/\\\/thegeosentinel.com\\\/wp-content\\\/uploads\\\/2025\\\/10\\\/cropped-The-GeoSentinel-Icon.png\",\"contentUrl\":\"https:\\\/\\\/thegeosentinel.com\\\/wp-content\\\/uploads\\\/2025\\\/10\\\/cropped-The-GeoSentinel-Icon.png\",\"width\":512,\"height\":512,\"caption\":\"GeoSentinel\"},\"logo\":{\"@id\":\"https:\\\/\\\/thegeosentinel.com\\\/wp-content\\\/uploads\\\/2025\\\/10\\\/cropped-The-GeoSentinel-Icon.png\"},\"sameAs\":[\"https:\\\/\\\/thegeosentinel.com\"]}]}<\/script>\n<!-- \/ Yoast SEO plugin. -->","yoast_head_json":{"title":"\u00c0 propos | GeoSentinel","description":"Analyste g\u00e9opolitique, conf\u00e9rencier et entrepreneur, sp\u00e9cialiste des dynamiques g\u00e9opolitiques eurasiennes.","robots":{"index":"index","follow":"follow","max-snippet":"max-snippet:-1","max-image-preview":"max-image-preview:large","max-video-preview":"max-video-preview:-1"},"canonical":"https:\/\/thegeosentinel.com\/en\/a-propos\/","og_locale":"en_GB","og_type":"article","og_title":"\u00c0 propos | GeoSentinel","og_description":"Analyste g\u00e9opolitique, conf\u00e9rencier et entrepreneur, sp\u00e9cialiste des dynamiques g\u00e9opolitiques eurasiennes.","og_url":"https:\/\/thegeosentinel.com\/en\/a-propos\/","og_site_name":"GeoSentinel","article_modified_time":"2026-03-08T09:03:49+00:00","og_image":[{"width":1024,"height":683,"url":"https:\/\/thegeosentinel.com\/wp-content\/uploads\/2025\/10\/The-GeoSentinel-Blog-1024x683.png","type":"image\/png"}],"twitter_card":"summary_large_image","twitter_misc":{"Estimated reading time":"2 minutes"},"schema":{"@context":"https:\/\/schema.org","@graph":[{"@type":"WebPage","@id":"https:\/\/thegeosentinel.com\/a-propos\/","url":"https:\/\/thegeosentinel.com\/a-propos\/","name":"\u00c0 propos | GeoSentinel","isPartOf":{"@id":"https:\/\/thegeosentinel.com\/#website"},"datePublished":"2023-11-10T21:21:22+00:00","dateModified":"2026-03-08T09:03:49+00:00","description":"Analyste g\u00e9opolitique, conf\u00e9rencier et entrepreneur, sp\u00e9cialiste des dynamiques g\u00e9opolitiques eurasiennes.","breadcrumb":{"@id":"https:\/\/thegeosentinel.com\/a-propos\/#breadcrumb"},"inLanguage":"en-GB","potentialAction":[{"@type":"ReadAction","target":["https:\/\/thegeosentinel.com\/a-propos\/"]}]},{"@type":"BreadcrumbList","@id":"https:\/\/thegeosentinel.com\/a-propos\/#breadcrumb","itemListElement":[{"@type":"ListItem","position":1,"name":"Accueil","item":"https:\/\/thegeosentinel.com\/"},{"@type":"ListItem","position":2,"name":"\u00c0 propos"}]},{"@type":"WebSite","@id":"https:\/\/thegeosentinel.com\/#website","url":"https:\/\/thegeosentinel.com\/","name":"GeoSentinel","description":"Analyste g\u00e9opolitique et entrepreneur, sp\u00e9cialiste de l&#039;OSINT.","publisher":{"@id":"https:\/\/thegeosentinel.com\/#\/schema\/person\/e24ad6c95955e163a0502f01263153a9"},"alternateName":"GSTNL","potentialAction":[{"@type":"SearchAction","target":{"@type":"EntryPoint","urlTemplate":"https:\/\/thegeosentinel.com\/?s={search_term_string}"},"query-input":{"@type":"PropertyValueSpecification","valueRequired":true,"valueName":"search_term_string"}}],"inLanguage":"en-GB"},{"@type":["Person","Organization"],"@id":"https:\/\/thegeosentinel.com\/#\/schema\/person\/e24ad6c95955e163a0502f01263153a9","name":"GeoSentinel","image":{"@type":"ImageObject","inLanguage":"en-GB","@id":"https:\/\/thegeosentinel.com\/wp-content\/uploads\/2025\/10\/cropped-The-GeoSentinel-Icon.png","url":"https:\/\/thegeosentinel.com\/wp-content\/uploads\/2025\/10\/cropped-The-GeoSentinel-Icon.png","contentUrl":"https:\/\/thegeosentinel.com\/wp-content\/uploads\/2025\/10\/cropped-The-GeoSentinel-Icon.png","width":512,"height":512,"caption":"GeoSentinel"},"logo":{"@id":"https:\/\/thegeosentinel.com\/wp-content\/uploads\/2025\/10\/cropped-The-GeoSentinel-Icon.png"},"sameAs":["https:\/\/thegeosentinel.com"]}]}},"_links":{"self":[{"href":"https:\/\/thegeosentinel.com\/en\/wp-json\/wp\/v2\/pages\/221","targetHints":{"allow":["GET"]}}],"collection":[{"href":"https:\/\/thegeosentinel.com\/en\/wp-json\/wp\/v2\/pages"}],"about":[{"href":"https:\/\/thegeosentinel.com\/en\/wp-json\/wp\/v2\/types\/page"}],"author":[{"embeddable":true,"href":"https:\/\/thegeosentinel.com\/en\/wp-json\/wp\/v2\/users\/1"}],"replies":[{"embeddable":true,"href":"https:\/\/thegeosentinel.com\/en\/wp-json\/wp\/v2\/comments?post=221"}],"version-history":[{"count":178,"href":"https:\/\/thegeosentinel.com\/en\/wp-json\/wp\/v2\/pages\/221\/revisions"}],"predecessor-version":[{"id":398631,"href":"https:\/\/thegeosentinel.com\/en\/wp-json\/wp\/v2\/pages\/221\/revisions\/398631"}],"wp:attachment":[{"href":"https:\/\/thegeosentinel.com\/en\/wp-json\/wp\/v2\/media?parent=221"}],"curies":[{"name":"wp","href":"https:\/\/api.w.org\/{rel}","templated":true}]}}