{"id":254,"date":"2023-11-10T22:52:28","date_gmt":"2023-11-10T21:52:28","guid":{"rendered":"https:\/\/thegeosentinel.com\/?page_id=254"},"modified":"2026-03-08T11:44:52","modified_gmt":"2026-03-08T10:44:52","slug":"contact","status":"publish","type":"page","link":"https:\/\/thegeosentinel.com\/en\/contact\/","title":{"rendered":"Contact"},"content":{"rendered":"<div class=\"et_pb_section_0 et_pb_section et_section_regular et_block_section\">\n<div class=\"et_pb_row_0 et_pb_row et_block_row\">\n<div class=\"et_pb_column_0 et_pb_column et_pb_column_4_4 et-last-child et_block_column et_pb_css_mix_blend_mode_passthrough\">\n<div class=\"et_pb_text_0 et_pb_text et_pb_bg_layout_light et_pb_module et_block_module preset--module--divi-text--a62ab0a1-2e15-4f7d-8a80-76d5cdfe3cf4\"><div class=\"et_pb_text_inner\"><h2 style=\"text-align: center;\" class=\"translation-block\">WANT TO CONTACT ME?<\/h2>\n<\/div><\/div>\n\n<div class=\"et_pb_contact_form_0 et_pb_contact_form_container clearfix et_pb_module et_flex_module preset--module--divi-contact-form--8ddc6666-8be6-4e5e-8040-a7ca049acbc5\" data-form_unique_num=\"0\" data-form_unique_id=\"7067d836e5cc6b8d0df5f1ee01accc26\" data-redirect_url=\"https:\/\/thegeosentinel.com\/message-bien-recu\/\" id=\"et_pb_contact_form_7067d836e5cc6b8d0df5f1ee01accc26\"><div class=\"et-pb-contact-message\"><\/div><div class=\"et_pb_contact\"><form class=\"et_pb_contact_form et_flex_module\" method=\"post\" action=\"https:\/\/thegeosentinel.com\/en\/wp-json\/wp\/v2\/pages\/254\" data-trp-original-action=\"https:\/\/thegeosentinel.com\/en\/wp-json\/wp\/v2\/pages\/254\">\n<div class=\"et_pb_contact_field_0 et_pb_contact_field et_pb_module et_flex_module et_flex_column_24_24 et_flex_column_24_24_tablet et_flex_column_24_24_phone\" data-id=\"pr\u00e9nom\" data-type=\"input\"><label class=\"et_pb_contact_form_label\">First name<\/label><input type=\"text\" name=\"et_pb_contact_0_pr\u00e9nom_0\" id=\"et_pb_contact_0_pr\u00e9nom_0\" class=\"input\" data-required_mark=\"required\" data-field_type=\"input\" data-original_id=\"pr\u00e9nom\" placeholder=\"First name\" title=\"\" value=\"\" \/><\/div>\n\n<div class=\"et_pb_contact_field_1 et_pb_contact_field et_pb_module et_flex_module et_flex_column_24_24 et_flex_column_24_24_tablet et_flex_column_24_24_phone\" data-id=\"email\" data-type=\"email\"><label class=\"et_pb_contact_form_label\">Email<\/label><input type=\"text\" name=\"et_pb_contact_0_email_1\" id=\"et_pb_contact_0_email_1\" class=\"input\" data-required_mark=\"required\" data-field_type=\"email\" data-original_id=\"email\" placeholder=\"Email\" title=\"\" value=\"\" \/><\/div>\n\n<div class=\"et_pb_contact_field_2 et_pb_contact_field et_pb_module et_flex_module et_flex_column_24_24 et_flex_column_24_24_tablet et_flex_column_24_24_phone\" data-id=\"message\" data-type=\"text\"><label class=\"et_pb_contact_form_label\">Message<\/label><textarea name=\"et_pb_contact_0_message_2\" id=\"et_pb_contact_0_message_2\" class=\"et_pb_contact_message input\" data-required_mark=\"required\" data-field_type=\"text\" data-original_id=\"message\" placeholder=\"Message\"><\/textarea><\/div>\n<input type=\"hidden\" name=\"et_pb_contactform_submit_7067d836e5cc6b8d0df5f1ee01accc26\" value=\"et_contact_proccess\" \/><div class=\"et_contact_bottom_container\"><div class=\"et_pb_button_wrapper\"><button type=\"submit\" name=\"et_builder_submit_button\" class=\"et_pb_button et_pb_contact_submit\">Send<\/button><\/div><\/div><input type=\"hidden\" id=\"_wpnonce-et-pb-contact-form-submitted-7067d836e5cc6b8d0df5f1ee01accc26\" name=\"_wpnonce-et-pb-contact-form-submitted-7067d836e5cc6b8d0df5f1ee01accc26\" value=\"a32b032239\" \/><input type=\"hidden\" name=\"_wp_http_referer\" value=\"\/en\/wp-json\/wp\/v2\/pages\/254\" \/><input type=\"hidden\" name=\"trp-form-language\" value=\"en\"\/><\/form><\/div><\/div>\n<\/div>\n<\/div>\n<\/div>","protected":false},"excerpt":{"rendered":"","protected":false},"author":1,"featured_media":19692,"parent":0,"menu_order":0,"comment_status":"closed","ping_status":"closed","template":"","meta":{"footnotes":""},"class_list":["post-254","page","type-page","status-publish","has-post-thumbnail","hentry"],"yoast_head":"<!-- This site is optimized with the Yoast SEO plugin v27.4 - https:\/\/yoast.com\/product\/yoast-seo-wordpress\/ -->\n<title>Contact | GeoSentinel<\/title>\n<meta name=\"description\" content=\"Analyste g\u00e9opolitique, conf\u00e9rencier et entrepreneur, sp\u00e9cialiste des dynamiques g\u00e9opolitiques eurasiennes.\" \/>\n<meta name=\"robots\" content=\"index, follow, max-snippet:-1, max-image-preview:large, max-video-preview:-1\" \/>\n<link rel=\"canonical\" href=\"https:\/\/thegeosentinel.com\/en\/contact\/\" \/>\n<meta property=\"og:locale\" content=\"en_GB\" \/>\n<meta property=\"og:type\" content=\"article\" \/>\n<meta property=\"og:title\" content=\"Contact | GeoSentinel\" \/>\n<meta property=\"og:description\" content=\"Analyste g\u00e9opolitique, conf\u00e9rencier et entrepreneur, sp\u00e9cialiste des dynamiques g\u00e9opolitiques eurasiennes.\" \/>\n<meta property=\"og:url\" content=\"https:\/\/thegeosentinel.com\/en\/contact\/\" \/>\n<meta property=\"og:site_name\" content=\"GeoSentinel\" \/>\n<meta property=\"article:modified_time\" content=\"2026-03-08T10:44:52+00:00\" \/>\n<meta property=\"og:image\" content=\"https:\/\/thegeosentinel.com\/wp-content\/uploads\/2025\/10\/The-GeoSentinel-Blog-1024x683.png\" \/>\n\t<meta property=\"og:image:width\" content=\"1024\" \/>\n\t<meta property=\"og:image:height\" content=\"683\" \/>\n\t<meta property=\"og:image:type\" content=\"image\/png\" \/>\n<meta name=\"twitter:card\" content=\"summary_large_image\" \/>\n<meta name=\"twitter:label1\" content=\"Estimated reading time\" \/>\n\t<meta name=\"twitter:data1\" content=\"1 minute\" \/>\n<script type=\"application\/ld+json\" class=\"yoast-schema-graph\">{\"@context\":\"https:\\\/\\\/schema.org\",\"@graph\":[{\"@type\":\"WebPage\",\"@id\":\"https:\\\/\\\/thegeosentinel.com\\\/contact\\\/\",\"url\":\"https:\\\/\\\/thegeosentinel.com\\\/contact\\\/\",\"name\":\"Contact | GeoSentinel\",\"isPartOf\":{\"@id\":\"https:\\\/\\\/thegeosentinel.com\\\/#website\"},\"primaryImageOfPage\":{\"@id\":\"https:\\\/\\\/thegeosentinel.com\\\/contact\\\/#primaryimage\"},\"image\":{\"@id\":\"https:\\\/\\\/thegeosentinel.com\\\/contact\\\/#primaryimage\"},\"thumbnailUrl\":\"https:\\\/\\\/thegeosentinel.com\\\/wp-content\\\/uploads\\\/2025\\\/10\\\/The-GeoSentinel-Blog.png\",\"datePublished\":\"2023-11-10T21:52:28+00:00\",\"dateModified\":\"2026-03-08T10:44:52+00:00\",\"description\":\"Analyste g\u00e9opolitique, conf\u00e9rencier et entrepreneur, sp\u00e9cialiste des dynamiques g\u00e9opolitiques eurasiennes.\",\"breadcrumb\":{\"@id\":\"https:\\\/\\\/thegeosentinel.com\\\/contact\\\/#breadcrumb\"},\"inLanguage\":\"en-GB\",\"potentialAction\":[{\"@type\":\"ReadAction\",\"target\":[\"https:\\\/\\\/thegeosentinel.com\\\/contact\\\/\"]}]},{\"@type\":\"ImageObject\",\"inLanguage\":\"en-GB\",\"@id\":\"https:\\\/\\\/thegeosentinel.com\\\/contact\\\/#primaryimage\",\"url\":\"https:\\\/\\\/thegeosentinel.com\\\/wp-content\\\/uploads\\\/2025\\\/10\\\/The-GeoSentinel-Blog.png\",\"contentUrl\":\"https:\\\/\\\/thegeosentinel.com\\\/wp-content\\\/uploads\\\/2025\\\/10\\\/The-GeoSentinel-Blog.png\",\"width\":1536,\"height\":1024},{\"@type\":\"BreadcrumbList\",\"@id\":\"https:\\\/\\\/thegeosentinel.com\\\/contact\\\/#breadcrumb\",\"itemListElement\":[{\"@type\":\"ListItem\",\"position\":1,\"name\":\"Accueil\",\"item\":\"https:\\\/\\\/thegeosentinel.com\\\/\"},{\"@type\":\"ListItem\",\"position\":2,\"name\":\"Contact\"}]},{\"@type\":\"WebSite\",\"@id\":\"https:\\\/\\\/thegeosentinel.com\\\/#website\",\"url\":\"https:\\\/\\\/thegeosentinel.com\\\/\",\"name\":\"GeoSentinel\",\"description\":\"Analyste g\u00e9opolitique et entrepreneur, sp\u00e9cialiste de l&#039;OSINT.\",\"publisher\":{\"@id\":\"https:\\\/\\\/thegeosentinel.com\\\/#\\\/schema\\\/person\\\/e24ad6c95955e163a0502f01263153a9\"},\"alternateName\":\"GSTNL\",\"potentialAction\":[{\"@type\":\"SearchAction\",\"target\":{\"@type\":\"EntryPoint\",\"urlTemplate\":\"https:\\\/\\\/thegeosentinel.com\\\/?s={search_term_string}\"},\"query-input\":{\"@type\":\"PropertyValueSpecification\",\"valueRequired\":true,\"valueName\":\"search_term_string\"}}],\"inLanguage\":\"en-GB\"},{\"@type\":[\"Person\",\"Organization\"],\"@id\":\"https:\\\/\\\/thegeosentinel.com\\\/#\\\/schema\\\/person\\\/e24ad6c95955e163a0502f01263153a9\",\"name\":\"GeoSentinel\",\"image\":{\"@type\":\"ImageObject\",\"inLanguage\":\"en-GB\",\"@id\":\"https:\\\/\\\/thegeosentinel.com\\\/wp-content\\\/uploads\\\/2025\\\/10\\\/cropped-The-GeoSentinel-Icon.png\",\"url\":\"https:\\\/\\\/thegeosentinel.com\\\/wp-content\\\/uploads\\\/2025\\\/10\\\/cropped-The-GeoSentinel-Icon.png\",\"contentUrl\":\"https:\\\/\\\/thegeosentinel.com\\\/wp-content\\\/uploads\\\/2025\\\/10\\\/cropped-The-GeoSentinel-Icon.png\",\"width\":512,\"height\":512,\"caption\":\"GeoSentinel\"},\"logo\":{\"@id\":\"https:\\\/\\\/thegeosentinel.com\\\/wp-content\\\/uploads\\\/2025\\\/10\\\/cropped-The-GeoSentinel-Icon.png\"},\"sameAs\":[\"https:\\\/\\\/thegeosentinel.com\"]}]}<\/script>\n<!-- \/ Yoast SEO plugin. -->","yoast_head_json":{"title":"Contact | GeoSentinel","description":"Analyste g\u00e9opolitique, conf\u00e9rencier et entrepreneur, sp\u00e9cialiste des dynamiques g\u00e9opolitiques eurasiennes.","robots":{"index":"index","follow":"follow","max-snippet":"max-snippet:-1","max-image-preview":"max-image-preview:large","max-video-preview":"max-video-preview:-1"},"canonical":"https:\/\/thegeosentinel.com\/en\/contact\/","og_locale":"en_GB","og_type":"article","og_title":"Contact | GeoSentinel","og_description":"Analyste g\u00e9opolitique, conf\u00e9rencier et entrepreneur, sp\u00e9cialiste des dynamiques g\u00e9opolitiques eurasiennes.","og_url":"https:\/\/thegeosentinel.com\/en\/contact\/","og_site_name":"GeoSentinel","article_modified_time":"2026-03-08T10:44:52+00:00","og_image":[{"width":1024,"height":683,"url":"https:\/\/thegeosentinel.com\/wp-content\/uploads\/2025\/10\/The-GeoSentinel-Blog-1024x683.png","type":"image\/png"}],"twitter_card":"summary_large_image","twitter_misc":{"Estimated reading time":"1 minute"},"schema":{"@context":"https:\/\/schema.org","@graph":[{"@type":"WebPage","@id":"https:\/\/thegeosentinel.com\/contact\/","url":"https:\/\/thegeosentinel.com\/contact\/","name":"Contact | GeoSentinel","isPartOf":{"@id":"https:\/\/thegeosentinel.com\/#website"},"primaryImageOfPage":{"@id":"https:\/\/thegeosentinel.com\/contact\/#primaryimage"},"image":{"@id":"https:\/\/thegeosentinel.com\/contact\/#primaryimage"},"thumbnailUrl":"https:\/\/thegeosentinel.com\/wp-content\/uploads\/2025\/10\/The-GeoSentinel-Blog.png","datePublished":"2023-11-10T21:52:28+00:00","dateModified":"2026-03-08T10:44:52+00:00","description":"Analyste g\u00e9opolitique, conf\u00e9rencier et entrepreneur, sp\u00e9cialiste des dynamiques g\u00e9opolitiques eurasiennes.","breadcrumb":{"@id":"https:\/\/thegeosentinel.com\/contact\/#breadcrumb"},"inLanguage":"en-GB","potentialAction":[{"@type":"ReadAction","target":["https:\/\/thegeosentinel.com\/contact\/"]}]},{"@type":"ImageObject","inLanguage":"en-GB","@id":"https:\/\/thegeosentinel.com\/contact\/#primaryimage","url":"https:\/\/thegeosentinel.com\/wp-content\/uploads\/2025\/10\/The-GeoSentinel-Blog.png","contentUrl":"https:\/\/thegeosentinel.com\/wp-content\/uploads\/2025\/10\/The-GeoSentinel-Blog.png","width":1536,"height":1024},{"@type":"BreadcrumbList","@id":"https:\/\/thegeosentinel.com\/contact\/#breadcrumb","itemListElement":[{"@type":"ListItem","position":1,"name":"Accueil","item":"https:\/\/thegeosentinel.com\/"},{"@type":"ListItem","position":2,"name":"Contact"}]},{"@type":"WebSite","@id":"https:\/\/thegeosentinel.com\/#website","url":"https:\/\/thegeosentinel.com\/","name":"GeoSentinel","description":"Analyste g\u00e9opolitique et entrepreneur, sp\u00e9cialiste de l&#039;OSINT.","publisher":{"@id":"https:\/\/thegeosentinel.com\/#\/schema\/person\/e24ad6c95955e163a0502f01263153a9"},"alternateName":"GSTNL","potentialAction":[{"@type":"SearchAction","target":{"@type":"EntryPoint","urlTemplate":"https:\/\/thegeosentinel.com\/?s={search_term_string}"},"query-input":{"@type":"PropertyValueSpecification","valueRequired":true,"valueName":"search_term_string"}}],"inLanguage":"en-GB"},{"@type":["Person","Organization"],"@id":"https:\/\/thegeosentinel.com\/#\/schema\/person\/e24ad6c95955e163a0502f01263153a9","name":"GeoSentinel","image":{"@type":"ImageObject","inLanguage":"en-GB","@id":"https:\/\/thegeosentinel.com\/wp-content\/uploads\/2025\/10\/cropped-The-GeoSentinel-Icon.png","url":"https:\/\/thegeosentinel.com\/wp-content\/uploads\/2025\/10\/cropped-The-GeoSentinel-Icon.png","contentUrl":"https:\/\/thegeosentinel.com\/wp-content\/uploads\/2025\/10\/cropped-The-GeoSentinel-Icon.png","width":512,"height":512,"caption":"GeoSentinel"},"logo":{"@id":"https:\/\/thegeosentinel.com\/wp-content\/uploads\/2025\/10\/cropped-The-GeoSentinel-Icon.png"},"sameAs":["https:\/\/thegeosentinel.com"]}]}},"_links":{"self":[{"href":"https:\/\/thegeosentinel.com\/en\/wp-json\/wp\/v2\/pages\/254","targetHints":{"allow":["GET"]}}],"collection":[{"href":"https:\/\/thegeosentinel.com\/en\/wp-json\/wp\/v2\/pages"}],"about":[{"href":"https:\/\/thegeosentinel.com\/en\/wp-json\/wp\/v2\/types\/page"}],"author":[{"embeddable":true,"href":"https:\/\/thegeosentinel.com\/en\/wp-json\/wp\/v2\/users\/1"}],"replies":[{"embeddable":true,"href":"https:\/\/thegeosentinel.com\/en\/wp-json\/wp\/v2\/comments?post=254"}],"version-history":[{"count":22,"href":"https:\/\/thegeosentinel.com\/en\/wp-json\/wp\/v2\/pages\/254\/revisions"}],"predecessor-version":[{"id":398715,"href":"https:\/\/thegeosentinel.com\/en\/wp-json\/wp\/v2\/pages\/254\/revisions\/398715"}],"wp:featuredmedia":[{"embeddable":true,"href":"https:\/\/thegeosentinel.com\/en\/wp-json\/wp\/v2\/media\/19692"}],"wp:attachment":[{"href":"https:\/\/thegeosentinel.com\/en\/wp-json\/wp\/v2\/media?parent=254"}],"curies":[{"name":"wp","href":"https:\/\/api.w.org\/{rel}","templated":true}]}}